{"id":249,"date":"2021-05-18T20:06:05","date_gmt":"2021-05-18T20:06:05","guid":{"rendered":"https:\/\/venezuelaprimero.org\/website\/?page_id=249"},"modified":"2025-12-01T23:56:15","modified_gmt":"2025-12-02T03:56:15","slug":"evangelismo-y-pelicula-jesus","status":"publish","type":"page","link":"https:\/\/venezuelaprimero.org\/website\/evangelismo-y-pelicula-jesus\/","title":{"rendered":"EVANGELISMO Y PEL\u00cdCULA JES\u00daS"},"content":{"rendered":"<p>[et_pb_section fb_built=&#8221;1&#8243; next_background_color=&#8221;#ffffff&#8221; _builder_version=&#8221;4.16&#8243; _module_preset=&#8221;default&#8221; background_enable_color=&#8221;off&#8221; use_background_color_gradient=&#8221;on&#8221; background_color_gradient_type=&#8221;circular&#8221; background_color_gradient_stops=&#8221;rgba(0,0,0,0.31) 0%|rgba(0,0,0,0) 100%&#8221; background_color_gradient_overlays_image=&#8221;on&#8221; background_color_gradient_start=&#8221;rgba(0,0,0,0.31)&#8221; background_color_gradient_end=&#8221;rgba(0,0,0,0)&#8221; background_image=&#8221;https:\/\/venezuelaprimero.org\/website\/wp-content\/uploads\/2021\/06\/evangelismo.jpg&#8221; height=&#8221;457px&#8221; bottom_divider_style=&#8221;curve&#8221; bottom_divider_height=&#8221;160px&#8221; bottom_divider_flip=&#8221;vertical&#8221; global_colors_info=&#8221;{}&#8221;][et_pb_row _builder_version=&#8221;4.16&#8243; _module_preset=&#8221;default&#8221; global_colors_info=&#8221;{}&#8221;][et_pb_column type=&#8221;4_4&#8243; _builder_version=&#8221;4.16&#8243; _module_preset=&#8221;default&#8221; global_colors_info=&#8221;{}&#8221;][et_pb_image src=&#8221;https:\/\/venezuelaprimero.org\/website\/wp-content\/uploads\/2023\/01\/desarollo-black-1.jpg&#8221; title_text=&#8221;desarollo-black&#8221; align=&#8221;center&#8221; module_class=&#8221;redonda&#8221; _builder_version=&#8221;4.19.2&#8243; _dynamic_attributes=&#8221;background_image&#8221; _module_preset=&#8221;default&#8221; background_color=&#8221;#FFFFFF&#8221; background_image=&#8221;@ET-DC@eyJkeW5hbWljIjp0cnVlLCJjb250ZW50IjoicG9zdF9mZWF0dXJlZF9pbWFnZSIsInNldHRpbmdzIjp7fX0=@&#8221; width=&#8221;350px&#8221; width_tablet=&#8221;&#8221; width_phone=&#8221;100%&#8221; width_last_edited=&#8221;on|desktop&#8221; module_alignment=&#8221;center&#8221; min_height=&#8221;350px&#8221; height=&#8221;350px&#8221; custom_css_main_element=&#8221;border-radius:100%;&#8221; border_radii=&#8221;on|100%|100%|100%|100%&#8221; global_colors_info=&#8221;{}&#8221;][\/et_pb_image][\/et_pb_column][\/et_pb_row][\/et_pb_section][et_pb_section fb_built=&#8221;1&#8243; _builder_version=&#8221;4.16&#8243; _module_preset=&#8221;default&#8221; custom_margin=&#8221;||2px|||&#8221; custom_padding=&#8221;56px|||||&#8221; global_colors_info=&#8221;{}&#8221;][et_pb_row column_structure=&#8221;2_3,1_3&#8243; _builder_version=&#8221;4.16&#8243; _module_preset=&#8221;default&#8221; global_colors_info=&#8221;{}&#8221;][et_pb_column type=&#8221;2_3&#8243; _builder_version=&#8221;4.16&#8243; _module_preset=&#8221;default&#8221; global_colors_info=&#8221;{}&#8221;][et_pb_text _builder_version=&#8221;4.16&#8243; _module_preset=&#8221;default&#8221; header_2_text_color=&#8221;#0C71C3&#8243; header_2_font_size=&#8221;35px&#8221; global_colors_info=&#8221;{}&#8221;]<\/p>\n<h2 class=\"elementor-heading-title elementor-size-default\">EVANGELISMO Y PEL\u00cdCULA JES\u00daS<\/h2>\n<p>[\/et_pb_text][et_pb_text _builder_version=&#8221;4.16&#8243; _module_preset=&#8221;default&#8221; global_colors_info=&#8221;{}&#8221;]<\/p>\n<div class=\"elementor-element elementor-element-f0a0186 elementor-widget elementor-widget-text-editor\" data-id=\"f0a0186\" data-element_type=\"widget\" data-widget_type=\"text-editor.default\">\n<div class=\"elementor-widget-container\">\n<div class=\"elementor-text-editor elementor-clearfix\">\n<p>El mandato que fue emitido acerca de compartir la buena noticia del evangelio es un deber que la iglesia debe cumplir. Cuesta trabajo pensar en una iglesia que no cumpla con tal mandato, que m\u00e1s all\u00e1 de una orden, lleva una carga de amor y esperanza no solo quien lo recibe, sino tambi\u00e9n quien lo comparte. Dios usa a las personas. Us\u00f3 a alguien para que usted llegara a los pies de Cristo, desea usarle a usted para que sus familiares, amigos, cercanos, entre otros, puedan conocer y experimentar tan grande amor. Es una cuesti\u00f3n de agradecimiento, dar de lo que hemos<br \/>recibido.<\/p>\n<\/div>\n<\/div>\n<\/div>\n<p>[\/et_pb_text][\/et_pb_column][et_pb_column type=&#8221;1_3&#8243; _builder_version=&#8221;4.16&#8243; _module_preset=&#8221;default&#8221; global_colors_info=&#8221;{}&#8221;][et_pb_team_member name=&#8221;An\u00edbal Rodr\u00edguez&#8221; position=&#8221;Coordinador Distrital de Evangelismo&#8221; image_url=&#8221;https:\/\/venezuelaprimero.org\/website\/wp-content\/uploads\/2025\/12\/ANIBAL.png&#8221; module_class=&#8221;imagenTeam&#8221; _builder_version=&#8221;4.20.2&#8243; _module_preset=&#8221;default&#8221; header_font=&#8221;|700||on|||||&#8221; header_text_align=&#8221;center&#8221; header_font_size=&#8221;18px&#8221; body_text_align=&#8221;center&#8221; body_font_size=&#8221;17px&#8221; position_text_align=&#8221;center&#8221; width=&#8221;100%&#8221; max_width=&#8221;100%&#8221; module_alignment=&#8221;center&#8221; custom_margin=&#8221;|0px||0px|false|true&#8221; custom_padding=&#8221;|0px||0px|false|false&#8221; hover_enabled=&#8221;0&#8243; locked=&#8221;off&#8221; global_colors_info=&#8221;{}&#8221; sticky_enabled=&#8221;0&#8243;]<\/p>\n<p><a href=\"mailto:agomez@jle.org.ve\" target=\"_blank\" rel=\"noopener\"><\/a><\/p>\n<p>[\/et_pb_team_member][\/et_pb_column][\/et_pb_row][et_pb_row _builder_version=&#8221;4.16&#8243; _module_preset=&#8221;default&#8221; custom_padding=&#8221;2px|||||&#8221; global_colors_info=&#8221;{}&#8221;][et_pb_column type=&#8221;4_4&#8243; _builder_version=&#8221;4.16&#8243; _module_preset=&#8221;default&#8221; global_colors_info=&#8221;{}&#8221;][et_pb_text _builder_version=&#8221;4.16&#8243; _module_preset=&#8221;default&#8221; global_colors_info=&#8221;{}&#8221;]<\/p>\n<div class=\"elementor-element elementor-element-f0a0186 elementor-widget elementor-widget-text-editor\" data-id=\"f0a0186\" data-element_type=\"widget\" data-widget_type=\"text-editor.default\">\n<div class=\"elementor-widget-container\">\n<div class=\"elementor-text-editor elementor-clearfix\">\n<p><span style=\"font-size: 18px;\">En ocasiones puede que el des\u00e1nimo invada su mente y coraz\u00f3n porque parece que nada sucede con esa persona por la que tanto ha orado y a la que tanto le ha hablado de Jesus. No se preocupe, haga lo que le corresponde, el Espiritu Santo hara el resto. Nuestro trabajo es proclamar y hacer discipulos. Dios har\u00e1!!! Es importante que cada l\u00edder desarrolle una\u00a0ESTRATEGIA\u00a0para el entorno en que ministra.\u00a0\u00a0<\/span><\/p>\n<p>Para ello podr\u00e1 utilizar la infinidad de herramientas existentes seg\u00fan el contexto de su ministerio.<br \/>Una vez que Dios le d\u00e9 una estrategia eficiente, para que la misma se repita peri\u00f3dicamente, es menester que usted cuente con un\u00a0PLAN ANUAL.\u00a0Es importante ser creativos para que todas las personas en nuestro entorno puedan recibir el mensaje de salvaci\u00f3n en una manera que lo entiendan. Tenemos que ser visionarios para emprender grandes proyectos que lleven a muchos a los pies de Cristo y, sobre todo, tenemos que ser humildes para reconocer que nuestro rol s\u00f3lo puede ser eficiente si el Esp\u00edritu Santo es quien nos gu\u00eda en todo.<\/p>\n<\/div>\n<\/div>\n<\/div>\n<p>[\/et_pb_text][\/et_pb_column][\/et_pb_row][\/et_pb_section]<\/p>\n","protected":false},"excerpt":{"rendered":"<p>EVANGELISMO Y PEL\u00cdCULA JES\u00daS El mandato que fue emitido acerca de compartir la buena noticia del evangelio es un deber que la iglesia debe cumplir. Cuesta trabajo pensar en una iglesia que no cumpla con tal mandato, que m\u00e1s all\u00e1 de una orden, lleva una carga de amor y esperanza no solo quien lo recibe, [&hellip;]<\/p>\n","protected":false},"author":1,"featured_media":0,"parent":0,"menu_order":0,"comment_status":"closed","ping_status":"closed","template":"","meta":{"_acf_changed":false,"_et_pb_use_builder":"on","_et_pb_old_content":"","_et_gb_content_width":"","footnotes":""},"class_list":["post-249","page","type-page","status-publish","hentry"],"acf":[],"yoast_head":"<!-- This site is optimized with the Yoast SEO plugin v23.5 - https:\/\/yoast.com\/wordpress\/plugins\/seo\/ -->\n<title>EVANGELISMO Y PEL\u00cdCULA JES\u00daS - Venezuela primero<\/title>\n<meta name=\"robots\" content=\"index, follow, max-snippet:-1, max-image-preview:large, max-video-preview:-1\" \/>\n<link rel=\"canonical\" href=\"https:\/\/venezuelaprimero.org\/website\/evangelismo-y-pelicula-jesus\/\" \/>\n<meta property=\"og:locale\" content=\"es_ES\" \/>\n<meta property=\"og:type\" content=\"article\" \/>\n<meta property=\"og:title\" content=\"EVANGELISMO Y PEL\u00cdCULA JES\u00daS - Venezuela primero\" \/>\n<meta property=\"og:description\" content=\"EVANGELISMO Y PEL\u00cdCULA JES\u00daS El mandato que fue emitido acerca de compartir la buena noticia del evangelio es un deber que la iglesia debe cumplir. Cuesta trabajo pensar en una iglesia que no cumpla con tal mandato, que m\u00e1s all\u00e1 de una orden, lleva una carga de amor y esperanza no solo quien lo recibe, [&hellip;]\" \/>\n<meta property=\"og:url\" content=\"https:\/\/venezuelaprimero.org\/website\/evangelismo-y-pelicula-jesus\/\" \/>\n<meta property=\"og:site_name\" content=\"Venezuela primero\" \/>\n<meta property=\"article:modified_time\" content=\"2025-12-02T03:56:15+00:00\" \/>\n<meta name=\"twitter:card\" content=\"summary_large_image\" \/>\n<meta name=\"twitter:label1\" content=\"Tiempo de lectura\" \/>\n\t<meta name=\"twitter:data1\" content=\"4 minutos\" \/>\n<script type=\"application\/ld+json\" class=\"yoast-schema-graph\">{\"@context\":\"https:\/\/schema.org\",\"@graph\":[{\"@type\":\"WebPage\",\"@id\":\"https:\/\/venezuelaprimero.org\/website\/evangelismo-y-pelicula-jesus\/\",\"url\":\"https:\/\/venezuelaprimero.org\/website\/evangelismo-y-pelicula-jesus\/\",\"name\":\"EVANGELISMO Y PEL\u00cdCULA JES\u00daS - Venezuela primero\",\"isPartOf\":{\"@id\":\"https:\/\/venezuelaprimero.org\/website\/#website\"},\"datePublished\":\"2021-05-18T20:06:05+00:00\",\"dateModified\":\"2025-12-02T03:56:15+00:00\",\"breadcrumb\":{\"@id\":\"https:\/\/venezuelaprimero.org\/website\/evangelismo-y-pelicula-jesus\/#breadcrumb\"},\"inLanguage\":\"es\",\"potentialAction\":[{\"@type\":\"ReadAction\",\"target\":[\"https:\/\/venezuelaprimero.org\/website\/evangelismo-y-pelicula-jesus\/\"]}]},{\"@type\":\"BreadcrumbList\",\"@id\":\"https:\/\/venezuelaprimero.org\/website\/evangelismo-y-pelicula-jesus\/#breadcrumb\",\"itemListElement\":[{\"@type\":\"ListItem\",\"position\":1,\"name\":\"Portada\",\"item\":\"https:\/\/venezuelaprimero.org\/website\/\"},{\"@type\":\"ListItem\",\"position\":2,\"name\":\"EVANGELISMO Y PEL\u00cdCULA JES\u00daS\"}]},{\"@type\":\"WebSite\",\"@id\":\"https:\/\/venezuelaprimero.org\/website\/#website\",\"url\":\"https:\/\/venezuelaprimero.org\/website\/\",\"name\":\"Pagina web del distrito Venezuela Primero\",\"description\":\"Iglesia del nazareno venezuela\",\"publisher\":{\"@id\":\"https:\/\/venezuelaprimero.org\/website\/#organization\"},\"potentialAction\":[{\"@type\":\"SearchAction\",\"target\":{\"@type\":\"EntryPoint\",\"urlTemplate\":\"https:\/\/venezuelaprimero.org\/website\/?s={search_term_string}\"},\"query-input\":{\"@type\":\"PropertyValueSpecification\",\"valueRequired\":true,\"valueName\":\"search_term_string\"}}],\"inLanguage\":\"es\"},{\"@type\":\"Organization\",\"@id\":\"https:\/\/venezuelaprimero.org\/website\/#organization\",\"name\":\"Pagina web del distrito Venezulea Primero- Iglesia del Nazareno\",\"url\":\"https:\/\/venezuelaprimero.org\/website\/\",\"logo\":{\"@type\":\"ImageObject\",\"inLanguage\":\"es\",\"@id\":\"https:\/\/venezuelaprimero.org\/website\/#\/schema\/logo\/image\/\",\"url\":\"https:\/\/venezuelaprimero.org\/website\/wp-content\/uploads\/2021\/05\/logo-2.png\",\"contentUrl\":\"https:\/\/venezuelaprimero.org\/website\/wp-content\/uploads\/2021\/05\/logo-2.png\",\"width\":1318,\"height\":383,\"caption\":\"Pagina web del distrito Venezulea Primero- Iglesia del Nazareno\"},\"image\":{\"@id\":\"https:\/\/venezuelaprimero.org\/website\/#\/schema\/logo\/image\/\"}}]}<\/script>\n<!-- \/ Yoast SEO plugin. -->","yoast_head_json":{"title":"EVANGELISMO Y PEL\u00cdCULA JES\u00daS - Venezuela primero","robots":{"index":"index","follow":"follow","max-snippet":"max-snippet:-1","max-image-preview":"max-image-preview:large","max-video-preview":"max-video-preview:-1"},"canonical":"https:\/\/venezuelaprimero.org\/website\/evangelismo-y-pelicula-jesus\/","og_locale":"es_ES","og_type":"article","og_title":"EVANGELISMO Y PEL\u00cdCULA JES\u00daS - Venezuela primero","og_description":"EVANGELISMO Y PEL\u00cdCULA JES\u00daS El mandato que fue emitido acerca de compartir la buena noticia del evangelio es un deber que la iglesia debe cumplir. Cuesta trabajo pensar en una iglesia que no cumpla con tal mandato, que m\u00e1s all\u00e1 de una orden, lleva una carga de amor y esperanza no solo quien lo recibe, [&hellip;]","og_url":"https:\/\/venezuelaprimero.org\/website\/evangelismo-y-pelicula-jesus\/","og_site_name":"Venezuela primero","article_modified_time":"2025-12-02T03:56:15+00:00","twitter_card":"summary_large_image","twitter_misc":{"Tiempo de lectura":"4 minutos"},"schema":{"@context":"https:\/\/schema.org","@graph":[{"@type":"WebPage","@id":"https:\/\/venezuelaprimero.org\/website\/evangelismo-y-pelicula-jesus\/","url":"https:\/\/venezuelaprimero.org\/website\/evangelismo-y-pelicula-jesus\/","name":"EVANGELISMO Y PEL\u00cdCULA JES\u00daS - Venezuela primero","isPartOf":{"@id":"https:\/\/venezuelaprimero.org\/website\/#website"},"datePublished":"2021-05-18T20:06:05+00:00","dateModified":"2025-12-02T03:56:15+00:00","breadcrumb":{"@id":"https:\/\/venezuelaprimero.org\/website\/evangelismo-y-pelicula-jesus\/#breadcrumb"},"inLanguage":"es","potentialAction":[{"@type":"ReadAction","target":["https:\/\/venezuelaprimero.org\/website\/evangelismo-y-pelicula-jesus\/"]}]},{"@type":"BreadcrumbList","@id":"https:\/\/venezuelaprimero.org\/website\/evangelismo-y-pelicula-jesus\/#breadcrumb","itemListElement":[{"@type":"ListItem","position":1,"name":"Portada","item":"https:\/\/venezuelaprimero.org\/website\/"},{"@type":"ListItem","position":2,"name":"EVANGELISMO Y PEL\u00cdCULA JES\u00daS"}]},{"@type":"WebSite","@id":"https:\/\/venezuelaprimero.org\/website\/#website","url":"https:\/\/venezuelaprimero.org\/website\/","name":"Pagina web del distrito Venezuela Primero","description":"Iglesia del nazareno venezuela","publisher":{"@id":"https:\/\/venezuelaprimero.org\/website\/#organization"},"potentialAction":[{"@type":"SearchAction","target":{"@type":"EntryPoint","urlTemplate":"https:\/\/venezuelaprimero.org\/website\/?s={search_term_string}"},"query-input":{"@type":"PropertyValueSpecification","valueRequired":true,"valueName":"search_term_string"}}],"inLanguage":"es"},{"@type":"Organization","@id":"https:\/\/venezuelaprimero.org\/website\/#organization","name":"Pagina web del distrito Venezulea Primero- Iglesia del Nazareno","url":"https:\/\/venezuelaprimero.org\/website\/","logo":{"@type":"ImageObject","inLanguage":"es","@id":"https:\/\/venezuelaprimero.org\/website\/#\/schema\/logo\/image\/","url":"https:\/\/venezuelaprimero.org\/website\/wp-content\/uploads\/2021\/05\/logo-2.png","contentUrl":"https:\/\/venezuelaprimero.org\/website\/wp-content\/uploads\/2021\/05\/logo-2.png","width":1318,"height":383,"caption":"Pagina web del distrito Venezulea Primero- Iglesia del Nazareno"},"image":{"@id":"https:\/\/venezuelaprimero.org\/website\/#\/schema\/logo\/image\/"}}]}},"_links":{"self":[{"href":"https:\/\/venezuelaprimero.org\/website\/wp-json\/wp\/v2\/pages\/249","targetHints":{"allow":["GET"]}}],"collection":[{"href":"https:\/\/venezuelaprimero.org\/website\/wp-json\/wp\/v2\/pages"}],"about":[{"href":"https:\/\/venezuelaprimero.org\/website\/wp-json\/wp\/v2\/types\/page"}],"author":[{"embeddable":true,"href":"https:\/\/venezuelaprimero.org\/website\/wp-json\/wp\/v2\/users\/1"}],"replies":[{"embeddable":true,"href":"https:\/\/venezuelaprimero.org\/website\/wp-json\/wp\/v2\/comments?post=249"}],"version-history":[{"count":12,"href":"https:\/\/venezuelaprimero.org\/website\/wp-json\/wp\/v2\/pages\/249\/revisions"}],"predecessor-version":[{"id":36324,"href":"https:\/\/venezuelaprimero.org\/website\/wp-json\/wp\/v2\/pages\/249\/revisions\/36324"}],"wp:attachment":[{"href":"https:\/\/venezuelaprimero.org\/website\/wp-json\/wp\/v2\/media?parent=249"}],"curies":[{"name":"wp","href":"https:\/\/api.w.org\/{rel}","templated":true}]}}